{"id":256,"date":"2020-03-23T16:59:57","date_gmt":"2020-03-23T15:59:57","guid":{"rendered":"http:\/\/arc-geo.fr\/?page_id=256"},"modified":"2020-05-25T14:55:40","modified_gmt":"2020-05-25T13:55:40","slug":"references","status":"publish","type":"page","link":"https:\/\/arc-geo.fr\/?page_id=256","title":{"rendered":"R\u00e9f\u00e9rences"},"content":{"rendered":"\t\t<div data-elementor-type=\"wp-page\" data-elementor-id=\"256\" class=\"elementor elementor-256\">\n\t\t\t\t\t\t<section class=\"elementor-section elementor-top-section elementor-element elementor-element-fecdef7 elementor-section-boxed elementor-section-height-default elementor-section-height-default\" data-id=\"fecdef7\" data-element_type=\"section\" data-e-type=\"section\">\n\t\t\t\t\t\t<div class=\"elementor-container elementor-column-gap-default\">\n\t\t\t\t\t<div class=\"elementor-column elementor-col-100 elementor-top-column elementor-element elementor-element-3ce6c81\" data-id=\"3ce6c81\" data-element_type=\"column\" data-e-type=\"column\">\n\t\t\t<div class=\"elementor-widget-wrap elementor-element-populated\">\n\t\t\t\t\t\t<div class=\"elementor-element elementor-element-0709e73 elementor-widget elementor-widget-heading\" data-id=\"0709e73\" data-element_type=\"widget\" data-e-type=\"widget\" data-widget_type=\"heading.default\">\n\t\t\t\t<div class=\"elementor-widget-container\">\n\t\t\t\t\t<h2 class=\"elementor-heading-title elementor-size-default\">R\u00e9f\u00e9rences<\/h2>\t\t\t\t<\/div>\n\t\t\t\t<\/div>\n\t\t\t\t\t<\/div>\n\t\t<\/div>\n\t\t\t\t\t<\/div>\n\t\t<\/section>\n\t\t\t\t<section class=\"elementor-section elementor-top-section elementor-element elementor-element-6945ae9 elementor-section-stretched elementor-section-full_width elementor-section-height-default elementor-section-height-default\" data-id=\"6945ae9\" data-element_type=\"section\" data-e-type=\"section\" data-settings=\"{&quot;stretch_section&quot;:&quot;section-stretched&quot;}\">\n\t\t\t\t\t\t<div class=\"elementor-container elementor-column-gap-default\">\n\t\t\t\t\t<div class=\"elementor-column elementor-col-100 elementor-top-column elementor-element elementor-element-67df40f\" data-id=\"67df40f\" data-element_type=\"column\" data-e-type=\"column\">\n\t\t\t<div class=\"elementor-widget-wrap elementor-element-populated\">\n\t\t\t\t\t\t<div class=\"elementor-element elementor-element-62f5b0b elementor-widget elementor-widget-gallery\" data-id=\"62f5b0b\" data-element_type=\"widget\" data-e-type=\"widget\" data-settings=\"{&quot;gallery_layout&quot;:&quot;masonry&quot;,&quot;gap&quot;:{&quot;unit&quot;:&quot;px&quot;,&quot;size&quot;:4,&quot;sizes&quot;:[]},&quot;lazyload&quot;:&quot;yes&quot;,&quot;columns&quot;:4,&quot;columns_tablet&quot;:2,&quot;columns_mobile&quot;:1,&quot;gap_tablet&quot;:{&quot;unit&quot;:&quot;px&quot;,&quot;size&quot;:10,&quot;sizes&quot;:[]},&quot;gap_mobile&quot;:{&quot;unit&quot;:&quot;px&quot;,&quot;size&quot;:10,&quot;sizes&quot;:[]},&quot;link_to&quot;:&quot;file&quot;,&quot;overlay_background&quot;:&quot;yes&quot;,&quot;content_hover_animation&quot;:&quot;fade-in&quot;}\" data-widget_type=\"gallery.default\">\n\t\t\t\t<div class=\"elementor-widget-container\">\n\t\t\t\t\t\t\t<div class=\"elementor-gallery__container\">\n\t\t\t\t\t\t\t<a class=\"e-gallery-item elementor-gallery-item elementor-animated-content\" href=\"https:\/\/arc-geo.fr\/wp-content\/uploads\/2020\/02\/IMG_20200212_084108-scaled.jpg\" data-elementor-open-lightbox=\"yes\" data-elementor-lightbox-slideshow=\"all-62f5b0b\" data-elementor-lightbox-title=\"AG19\" data-e-action-hash=\"#elementor-action%3Aaction%3Dlightbox%26settings%3DeyJpZCI6MTUyLCJ1cmwiOiJodHRwczpcL1wvYXJjLWdlby5mclwvd3AtY29udGVudFwvdXBsb2Fkc1wvMjAyMFwvMDJcL0lNR18yMDIwMDIxMl8wODQxMDgtc2NhbGVkLmpwZyIsInNsaWRlc2hvdyI6ImFsbC02MmY1YjBiIn0%3D\">\n\t\t\t\t\t<div class=\"e-gallery-image elementor-gallery-item__image\" data-thumbnail=\"https:\/\/arc-geo.fr\/wp-content\/uploads\/2020\/02\/IMG_20200212_084108-768x1024.jpg\" data-width=\"768\" data-height=\"1024\" alt=\"\" ><\/div>\n\t\t\t\t\t\t\t\t\t\t<div class=\"elementor-gallery-item__overlay\"><\/div>\n\t\t\t\t\t\t\t\t\t\t\t\t\t\t<\/a>\n\t\t\t\t\t\t\t<a class=\"e-gallery-item elementor-gallery-item elementor-animated-content\" href=\"https:\/\/arc-geo.fr\/wp-content\/uploads\/2020\/02\/ATLOG-164.jpg\" data-elementor-open-lightbox=\"yes\" data-elementor-lightbox-slideshow=\"all-62f5b0b\" data-elementor-lightbox-title=\"ATLOG-164\" data-e-action-hash=\"#elementor-action%3Aaction%3Dlightbox%26settings%3DeyJpZCI6NDksInVybCI6Imh0dHBzOlwvXC9hcmMtZ2VvLmZyXC93cC1jb250ZW50XC91cGxvYWRzXC8yMDIwXC8wMlwvQVRMT0ctMTY0LmpwZyIsInNsaWRlc2hvdyI6ImFsbC02MmY1YjBiIn0%3D\">\n\t\t\t\t\t<div class=\"e-gallery-image elementor-gallery-item__image\" data-thumbnail=\"https:\/\/arc-geo.fr\/wp-content\/uploads\/2020\/02\/ATLOG-164-768x1110.jpg\" data-width=\"768\" data-height=\"1110\" alt=\"\" ><\/div>\n\t\t\t\t\t\t\t\t\t\t<div class=\"elementor-gallery-item__overlay\"><\/div>\n\t\t\t\t\t\t\t\t\t\t\t\t\t\t<\/a>\n\t\t\t\t\t\t\t<a class=\"e-gallery-item elementor-gallery-item elementor-animated-content\" href=\"https:\/\/arc-geo.fr\/wp-content\/uploads\/2020\/02\/IMG_20190729_135221-scaled.jpg\" data-elementor-open-lightbox=\"yes\" data-elementor-lightbox-slideshow=\"all-62f5b0b\" data-elementor-lightbox-title=\"AG4\" data-e-action-hash=\"#elementor-action%3Aaction%3Dlightbox%26settings%3DeyJpZCI6MTYzLCJ1cmwiOiJodHRwczpcL1wvYXJjLWdlby5mclwvd3AtY29udGVudFwvdXBsb2Fkc1wvMjAyMFwvMDJcL0lNR18yMDE5MDcyOV8xMzUyMjEtc2NhbGVkLmpwZyIsInNsaWRlc2hvdyI6ImFsbC02MmY1YjBiIn0%3D\">\n\t\t\t\t\t<div class=\"e-gallery-image elementor-gallery-item__image\" data-thumbnail=\"https:\/\/arc-geo.fr\/wp-content\/uploads\/2020\/02\/IMG_20190729_135221-768x1024.jpg\" data-width=\"768\" data-height=\"1024\" alt=\"\" ><\/div>\n\t\t\t\t\t\t\t\t\t\t<div class=\"elementor-gallery-item__overlay\"><\/div>\n\t\t\t\t\t\t\t\t\t\t\t\t\t\t<\/a>\n\t\t\t\t\t\t\t<a class=\"e-gallery-item elementor-gallery-item elementor-animated-content\" href=\"https:\/\/arc-geo.fr\/wp-content\/uploads\/2020\/02\/IMG_20190729_135316-scaled.jpg\" data-elementor-open-lightbox=\"yes\" data-elementor-lightbox-slideshow=\"all-62f5b0b\" data-elementor-lightbox-title=\"IMG_20190729_135316\" data-e-action-hash=\"#elementor-action%3Aaction%3Dlightbox%26settings%3DeyJpZCI6MTYyLCJ1cmwiOiJodHRwczpcL1wvYXJjLWdlby5mclwvd3AtY29udGVudFwvdXBsb2Fkc1wvMjAyMFwvMDJcL0lNR18yMDE5MDcyOV8xMzUzMTYtc2NhbGVkLmpwZyIsInNsaWRlc2hvdyI6ImFsbC02MmY1YjBiIn0%3D\">\n\t\t\t\t\t<div class=\"e-gallery-image elementor-gallery-item__image\" data-thumbnail=\"https:\/\/arc-geo.fr\/wp-content\/uploads\/2020\/02\/IMG_20190729_135316-768x1024.jpg\" data-width=\"768\" data-height=\"1024\" alt=\"\" ><\/div>\n\t\t\t\t\t\t\t\t\t\t<div class=\"elementor-gallery-item__overlay\"><\/div>\n\t\t\t\t\t\t\t\t\t\t\t\t\t\t<\/a>\n\t\t\t\t\t\t\t<a class=\"e-gallery-item elementor-gallery-item elementor-animated-content\" href=\"https:\/\/arc-geo.fr\/wp-content\/uploads\/2020\/02\/ATLOG-137-1.jpg\" data-elementor-open-lightbox=\"yes\" data-elementor-lightbox-slideshow=\"all-62f5b0b\" data-elementor-lightbox-title=\"AG9\" data-e-action-hash=\"#elementor-action%3Aaction%3Dlightbox%26settings%3DeyJpZCI6MTIwLCJ1cmwiOiJodHRwczpcL1wvYXJjLWdlby5mclwvd3AtY29udGVudFwvdXBsb2Fkc1wvMjAyMFwvMDJcL0FUTE9HLTEzNy0xLmpwZyIsInNsaWRlc2hvdyI6ImFsbC02MmY1YjBiIn0%3D\">\n\t\t\t\t\t<div class=\"e-gallery-image elementor-gallery-item__image\" data-thumbnail=\"https:\/\/arc-geo.fr\/wp-content\/uploads\/2020\/02\/ATLOG-137-1-768x1154.jpg\" data-width=\"768\" data-height=\"1154\" alt=\"\" ><\/div>\n\t\t\t\t\t\t\t\t\t\t<div class=\"elementor-gallery-item__overlay\"><\/div>\n\t\t\t\t\t\t\t\t\t\t\t\t\t\t<\/a>\n\t\t\t\t\t\t\t<a class=\"e-gallery-item elementor-gallery-item elementor-animated-content\" href=\"https:\/\/arc-geo.fr\/wp-content\/uploads\/2020\/02\/ATLOG-302.jpg\" data-elementor-open-lightbox=\"yes\" data-elementor-lightbox-slideshow=\"all-62f5b0b\" data-elementor-lightbox-title=\"ATLOG-302\" data-e-action-hash=\"#elementor-action%3Aaction%3Dlightbox%26settings%3DeyJpZCI6ODksInVybCI6Imh0dHBzOlwvXC9hcmMtZ2VvLmZyXC93cC1jb250ZW50XC91cGxvYWRzXC8yMDIwXC8wMlwvQVRMT0ctMzAyLmpwZyIsInNsaWRlc2hvdyI6ImFsbC02MmY1YjBiIn0%3D\">\n\t\t\t\t\t<div class=\"e-gallery-image elementor-gallery-item__image\" data-thumbnail=\"https:\/\/arc-geo.fr\/wp-content\/uploads\/2020\/02\/ATLOG-302-768x1096.jpg\" data-width=\"768\" data-height=\"1096\" alt=\"\" ><\/div>\n\t\t\t\t\t\t\t\t\t\t<div class=\"elementor-gallery-item__overlay\"><\/div>\n\t\t\t\t\t\t\t\t\t\t\t\t\t\t<\/a>\n\t\t\t\t\t\t\t<a class=\"e-gallery-item elementor-gallery-item elementor-animated-content\" href=\"https:\/\/arc-geo.fr\/wp-content\/uploads\/2020\/02\/ATLOG-265-scaled.jpg\" data-elementor-open-lightbox=\"yes\" data-elementor-lightbox-slideshow=\"all-62f5b0b\" data-elementor-lightbox-title=\"ATLOG-265\" data-e-action-hash=\"#elementor-action%3Aaction%3Dlightbox%26settings%3DeyJpZCI6ODcsInVybCI6Imh0dHBzOlwvXC9hcmMtZ2VvLmZyXC93cC1jb250ZW50XC91cGxvYWRzXC8yMDIwXC8wMlwvQVRMT0ctMjY1LXNjYWxlZC5qcGciLCJzbGlkZXNob3ciOiJhbGwtNjJmNWIwYiJ9\">\n\t\t\t\t\t<div class=\"e-gallery-image elementor-gallery-item__image\" data-thumbnail=\"https:\/\/arc-geo.fr\/wp-content\/uploads\/2020\/02\/ATLOG-265-768x1133.jpg\" data-width=\"768\" data-height=\"1133\" alt=\"\" ><\/div>\n\t\t\t\t\t\t\t\t\t\t<div class=\"elementor-gallery-item__overlay\"><\/div>\n\t\t\t\t\t\t\t\t\t\t\t\t\t\t<\/a>\n\t\t\t\t\t\t\t<a class=\"e-gallery-item elementor-gallery-item elementor-animated-content\" href=\"https:\/\/arc-geo.fr\/wp-content\/uploads\/2020\/02\/ATLOG-237-1.jpg\" data-elementor-open-lightbox=\"yes\" data-elementor-lightbox-slideshow=\"all-62f5b0b\" data-elementor-lightbox-title=\"AG11\" data-e-action-hash=\"#elementor-action%3Aaction%3Dlightbox%26settings%3DeyJpZCI6MTIyLCJ1cmwiOiJodHRwczpcL1wvYXJjLWdlby5mclwvd3AtY29udGVudFwvdXBsb2Fkc1wvMjAyMFwvMDJcL0FUTE9HLTIzNy0xLmpwZyIsInNsaWRlc2hvdyI6ImFsbC02MmY1YjBiIn0%3D\">\n\t\t\t\t\t<div class=\"e-gallery-image elementor-gallery-item__image\" data-thumbnail=\"https:\/\/arc-geo.fr\/wp-content\/uploads\/2020\/02\/ATLOG-237-1-768x697.jpg\" data-width=\"768\" data-height=\"697\" alt=\"\" ><\/div>\n\t\t\t\t\t\t\t\t\t\t<div class=\"elementor-gallery-item__overlay\"><\/div>\n\t\t\t\t\t\t\t\t\t\t\t\t\t\t<\/a>\n\t\t\t\t\t\t\t<a class=\"e-gallery-item elementor-gallery-item elementor-animated-content\" href=\"https:\/\/arc-geo.fr\/wp-content\/uploads\/2020\/05\/VERTICAL3D_Cubature_3.png\" data-elementor-open-lightbox=\"yes\" data-elementor-lightbox-slideshow=\"all-62f5b0b\" data-elementor-lightbox-title=\"VERTICAL3D_Cubature_3\" data-e-action-hash=\"#elementor-action%3Aaction%3Dlightbox%26settings%3DeyJpZCI6NTA4LCJ1cmwiOiJodHRwczpcL1wvYXJjLWdlby5mclwvd3AtY29udGVudFwvdXBsb2Fkc1wvMjAyMFwvMDVcL1ZFUlRJQ0FMM0RfQ3ViYXR1cmVfMy5wbmciLCJzbGlkZXNob3ciOiJhbGwtNjJmNWIwYiJ9\">\n\t\t\t\t\t<div class=\"e-gallery-image elementor-gallery-item__image\" data-thumbnail=\"https:\/\/arc-geo.fr\/wp-content\/uploads\/2020\/05\/VERTICAL3D_Cubature_3-768x357.png\" data-width=\"768\" data-height=\"357\" alt=\"\" ><\/div>\n\t\t\t\t\t\t\t\t\t\t<div class=\"elementor-gallery-item__overlay\"><\/div>\n\t\t\t\t\t\t\t\t\t\t\t\t\t\t<\/a>\n\t\t\t\t\t\t\t<a class=\"e-gallery-item elementor-gallery-item elementor-animated-content\" href=\"https:\/\/arc-geo.fr\/wp-content\/uploads\/2020\/02\/VERTICAL3D_ARC-GEO_1.png\" data-elementor-open-lightbox=\"yes\" data-elementor-lightbox-slideshow=\"all-62f5b0b\" data-elementor-lightbox-title=\"VERTICAL3D_ARC GEO_1\" data-e-action-hash=\"#elementor-action%3Aaction%3Dlightbox%26settings%3DeyJpZCI6NTQsInVybCI6Imh0dHBzOlwvXC9hcmMtZ2VvLmZyXC93cC1jb250ZW50XC91cGxvYWRzXC8yMDIwXC8wMlwvVkVSVElDQUwzRF9BUkMtR0VPXzEucG5nIiwic2xpZGVzaG93IjoiYWxsLTYyZjViMGIifQ%3D%3D\">\n\t\t\t\t\t<div class=\"e-gallery-image elementor-gallery-item__image\" data-thumbnail=\"https:\/\/arc-geo.fr\/wp-content\/uploads\/2020\/02\/VERTICAL3D_ARC-GEO_1-768x541.png\" data-width=\"768\" data-height=\"541\" alt=\"\" ><\/div>\n\t\t\t\t\t\t\t\t\t\t<div class=\"elementor-gallery-item__overlay\"><\/div>\n\t\t\t\t\t\t\t\t\t\t\t\t\t\t<\/a>\n\t\t\t\t\t\t\t<a class=\"e-gallery-item elementor-gallery-item elementor-animated-content\" href=\"https:\/\/arc-geo.fr\/wp-content\/uploads\/2020\/02\/ATLOG-139-1.jpg\" data-elementor-open-lightbox=\"yes\" data-elementor-lightbox-slideshow=\"all-62f5b0b\" data-elementor-lightbox-title=\"AG10\" data-e-action-hash=\"#elementor-action%3Aaction%3Dlightbox%26settings%3DeyJpZCI6MTIxLCJ1cmwiOiJodHRwczpcL1wvYXJjLWdlby5mclwvd3AtY29udGVudFwvdXBsb2Fkc1wvMjAyMFwvMDJcL0FUTE9HLTEzOS0xLmpwZyIsInNsaWRlc2hvdyI6ImFsbC02MmY1YjBiIn0%3D\">\n\t\t\t\t\t<div class=\"e-gallery-image elementor-gallery-item__image\" data-thumbnail=\"https:\/\/arc-geo.fr\/wp-content\/uploads\/2020\/02\/ATLOG-139-1-768x564.jpg\" data-width=\"768\" data-height=\"564\" alt=\"\" ><\/div>\n\t\t\t\t\t\t\t\t\t\t<div class=\"elementor-gallery-item__overlay\"><\/div>\n\t\t\t\t\t\t\t\t\t\t\t\t\t\t<\/a>\n\t\t\t\t\t\t\t<a class=\"e-gallery-item elementor-gallery-item elementor-animated-content\" href=\"https:\/\/arc-geo.fr\/wp-content\/uploads\/2020\/02\/ATLOG-163.jpg\" data-elementor-open-lightbox=\"yes\" data-elementor-lightbox-slideshow=\"all-62f5b0b\" data-elementor-lightbox-title=\"ATLOG-163\" data-e-action-hash=\"#elementor-action%3Aaction%3Dlightbox%26settings%3DeyJpZCI6ODQsInVybCI6Imh0dHBzOlwvXC9hcmMtZ2VvLmZyXC93cC1jb250ZW50XC91cGxvYWRzXC8yMDIwXC8wMlwvQVRMT0ctMTYzLmpwZyIsInNsaWRlc2hvdyI6ImFsbC02MmY1YjBiIn0%3D\">\n\t\t\t\t\t<div class=\"e-gallery-image elementor-gallery-item__image\" data-thumbnail=\"https:\/\/arc-geo.fr\/wp-content\/uploads\/2020\/02\/ATLOG-163-768x1016.jpg\" data-width=\"768\" data-height=\"1016\" alt=\"\" ><\/div>\n\t\t\t\t\t\t\t\t\t\t<div class=\"elementor-gallery-item__overlay\"><\/div>\n\t\t\t\t\t\t\t\t\t\t\t\t\t\t<\/a>\n\t\t\t\t\t\t\t<a class=\"e-gallery-item elementor-gallery-item elementor-animated-content\" href=\"https:\/\/arc-geo.fr\/wp-content\/uploads\/2020\/02\/IMG_20190517_120406-scaled.jpg\" data-elementor-open-lightbox=\"yes\" data-elementor-lightbox-slideshow=\"all-62f5b0b\" data-elementor-lightbox-title=\"IMG_20190517_120406\" data-e-action-hash=\"#elementor-action%3Aaction%3Dlightbox%26settings%3DeyJpZCI6MTY4LCJ1cmwiOiJodHRwczpcL1wvYXJjLWdlby5mclwvd3AtY29udGVudFwvdXBsb2Fkc1wvMjAyMFwvMDJcL0lNR18yMDE5MDUxN18xMjA0MDYtc2NhbGVkLmpwZyIsInNsaWRlc2hvdyI6ImFsbC02MmY1YjBiIn0%3D\">\n\t\t\t\t\t<div class=\"e-gallery-image elementor-gallery-item__image\" data-thumbnail=\"https:\/\/arc-geo.fr\/wp-content\/uploads\/2020\/02\/IMG_20190517_120406-768x1024.jpg\" data-width=\"768\" data-height=\"1024\" alt=\"\" ><\/div>\n\t\t\t\t\t\t\t\t\t\t<div class=\"elementor-gallery-item__overlay\"><\/div>\n\t\t\t\t\t\t\t\t\t\t\t\t\t\t<\/a>\n\t\t\t\t\t\t\t<a class=\"e-gallery-item elementor-gallery-item elementor-animated-content\" href=\"https:\/\/arc-geo.fr\/wp-content\/uploads\/2020\/05\/VERTICAL3D_C50_SC-scaled.jpg\" data-elementor-open-lightbox=\"yes\" data-elementor-lightbox-slideshow=\"all-62f5b0b\" data-elementor-lightbox-title=\"VERTICAL3D_C50_SC\" data-e-action-hash=\"#elementor-action%3Aaction%3Dlightbox%26settings%3DeyJpZCI6NTA2LCJ1cmwiOiJodHRwczpcL1wvYXJjLWdlby5mclwvd3AtY29udGVudFwvdXBsb2Fkc1wvMjAyMFwvMDVcL1ZFUlRJQ0FMM0RfQzUwX1NDLXNjYWxlZC5qcGciLCJzbGlkZXNob3ciOiJhbGwtNjJmNWIwYiJ9\">\n\t\t\t\t\t<div class=\"e-gallery-image elementor-gallery-item__image\" data-thumbnail=\"https:\/\/arc-geo.fr\/wp-content\/uploads\/2020\/05\/VERTICAL3D_C50_SC-768x576.jpg\" data-width=\"768\" data-height=\"576\" alt=\"\" ><\/div>\n\t\t\t\t\t\t\t\t\t\t<div class=\"elementor-gallery-item__overlay\"><\/div>\n\t\t\t\t\t\t\t\t\t\t\t\t\t\t<\/a>\n\t\t\t\t\t\t\t<a class=\"e-gallery-item elementor-gallery-item elementor-animated-content\" href=\"https:\/\/arc-geo.fr\/wp-content\/uploads\/2020\/05\/VERTICAL3D_Cubature_1.png\" data-elementor-open-lightbox=\"yes\" data-elementor-lightbox-slideshow=\"all-62f5b0b\" data-elementor-lightbox-title=\"VERTICAL3D_Cubature_1\" data-e-action-hash=\"#elementor-action%3Aaction%3Dlightbox%26settings%3DeyJpZCI6NTA3LCJ1cmwiOiJodHRwczpcL1wvYXJjLWdlby5mclwvd3AtY29udGVudFwvdXBsb2Fkc1wvMjAyMFwvMDVcL1ZFUlRJQ0FMM0RfQ3ViYXR1cmVfMS5wbmciLCJzbGlkZXNob3ciOiJhbGwtNjJmNWIwYiJ9\">\n\t\t\t\t\t<div class=\"e-gallery-image elementor-gallery-item__image\" data-thumbnail=\"https:\/\/arc-geo.fr\/wp-content\/uploads\/2020\/05\/VERTICAL3D_Cubature_1-768x450.png\" data-width=\"768\" data-height=\"450\" alt=\"\" ><\/div>\n\t\t\t\t\t\t\t\t\t\t<div class=\"elementor-gallery-item__overlay\"><\/div>\n\t\t\t\t\t\t\t\t\t\t\t\t\t\t<\/a>\n\t\t\t\t\t<\/div>\n\t\t\t\t\t<\/div>\n\t\t\t\t<\/div>\n\t\t\t\t\t<\/div>\n\t\t<\/div>\n\t\t\t\t\t<\/div>\n\t\t<\/section>\n\t\t\t\t<section class=\"elementor-section elementor-top-section elementor-element elementor-element-4cb61b7 elementor-section-boxed elementor-section-height-default elementor-section-height-default\" data-id=\"4cb61b7\" data-element_type=\"section\" data-e-type=\"section\">\n\t\t\t\t\t\t<div class=\"elementor-container elementor-column-gap-default\">\n\t\t\t\t\t<div class=\"elementor-column elementor-col-100 elementor-top-column elementor-element elementor-element-5c55756\" data-id=\"5c55756\" data-element_type=\"column\" data-e-type=\"column\">\n\t\t\t<div class=\"elementor-widget-wrap elementor-element-populated\">\n\t\t\t\t\t\t<div class=\"elementor-element elementor-element-db0440e elementor-widget elementor-widget-menu-anchor\" data-id=\"db0440e\" data-element_type=\"widget\" data-e-type=\"widget\" data-widget_type=\"menu-anchor.default\">\n\t\t\t\t<div class=\"elementor-widget-container\">\n\t\t\t\t\t\t\t<div class=\"elementor-menu-anchor\" id=\"007\"><\/div>\n\t\t\t\t\t\t<\/div>\n\t\t\t\t<\/div>\n\t\t\t\t\t<\/div>\n\t\t<\/div>\n\t\t\t\t\t<\/div>\n\t\t<\/section>\n\t\t\t\t<\/div>\n\t\t","protected":false},"excerpt":{"rendered":"<p>R\u00e9f\u00e9rences<\/p>\n","protected":false},"author":1,"featured_media":0,"parent":0,"menu_order":1,"comment_status":"closed","ping_status":"closed","template":"elementor_header_footer","meta":{"footnotes":""},"class_list":["post-256","page","type-page","status-publish","hentry"],"yoast_head":"<!-- This site is optimized with the Yoast SEO plugin v27.5 - https:\/\/yoast.com\/product\/yoast-seo-wordpress\/ -->\n<title>R\u00e9f\u00e9rences - G\u00e9om\u00e8tres Experts<\/title>\n<meta name=\"robots\" content=\"index, follow, max-snippet:-1, max-image-preview:large, max-video-preview:-1\" \/>\n<link rel=\"canonical\" href=\"https:\/\/arc-geo.fr\/?page_id=256\" \/>\n<meta property=\"og:locale\" content=\"fr_FR\" \/>\n<meta property=\"og:type\" content=\"article\" \/>\n<meta property=\"og:title\" content=\"R\u00e9f\u00e9rences - G\u00e9om\u00e8tres Experts\" \/>\n<meta property=\"og:description\" content=\"R\u00e9f\u00e9rences\" \/>\n<meta property=\"og:url\" content=\"https:\/\/arc-geo.fr\/?page_id=256\" \/>\n<meta property=\"og:site_name\" content=\"G\u00e9om\u00e8tres Experts\" \/>\n<meta property=\"article:modified_time\" content=\"2020-05-25T13:55:40+00:00\" \/>\n<meta name=\"twitter:card\" content=\"summary_large_image\" \/>\n<script type=\"application\/ld+json\" class=\"yoast-schema-graph\">{\"@context\":\"https:\\\/\\\/schema.org\",\"@graph\":[{\"@type\":\"WebPage\",\"@id\":\"https:\\\/\\\/arc-geo.fr\\\/?page_id=256\",\"url\":\"https:\\\/\\\/arc-geo.fr\\\/?page_id=256\",\"name\":\"R\u00e9f\u00e9rences - G\u00e9om\u00e8tres Experts\",\"isPartOf\":{\"@id\":\"https:\\\/\\\/arc-geo.fr\\\/#website\"},\"datePublished\":\"2020-03-23T15:59:57+00:00\",\"dateModified\":\"2020-05-25T13:55:40+00:00\",\"breadcrumb\":{\"@id\":\"https:\\\/\\\/arc-geo.fr\\\/?page_id=256#breadcrumb\"},\"inLanguage\":\"fr-FR\",\"potentialAction\":[{\"@type\":\"ReadAction\",\"target\":[\"https:\\\/\\\/arc-geo.fr\\\/?page_id=256\"]}]},{\"@type\":\"BreadcrumbList\",\"@id\":\"https:\\\/\\\/arc-geo.fr\\\/?page_id=256#breadcrumb\",\"itemListElement\":[{\"@type\":\"ListItem\",\"position\":1,\"name\":\"Accueil\",\"item\":\"https:\\\/\\\/arc-geo.fr\\\/\"},{\"@type\":\"ListItem\",\"position\":2,\"name\":\"R\u00e9f\u00e9rences\"}]},{\"@type\":\"WebSite\",\"@id\":\"https:\\\/\\\/arc-geo.fr\\\/#website\",\"url\":\"https:\\\/\\\/arc-geo.fr\\\/\",\"name\":\"G\u00e9om\u00e8tres Experts\",\"description\":\"Des professionnels de la mesure \u00e0 votre \u00e9coute sur Genas &amp; la r\u00e9gion Lyonnaise.\",\"publisher\":{\"@id\":\"https:\\\/\\\/arc-geo.fr\\\/#organization\"},\"potentialAction\":[{\"@type\":\"SearchAction\",\"target\":{\"@type\":\"EntryPoint\",\"urlTemplate\":\"https:\\\/\\\/arc-geo.fr\\\/?s={search_term_string}\"},\"query-input\":{\"@type\":\"PropertyValueSpecification\",\"valueRequired\":true,\"valueName\":\"search_term_string\"}}],\"inLanguage\":\"fr-FR\"},{\"@type\":\"Organization\",\"@id\":\"https:\\\/\\\/arc-geo.fr\\\/#organization\",\"name\":\"ArcGeo G\u00e9om\u00e8tres-Experts\",\"url\":\"https:\\\/\\\/arc-geo.fr\\\/\",\"logo\":{\"@type\":\"ImageObject\",\"inLanguage\":\"fr-FR\",\"@id\":\"https:\\\/\\\/arc-geo.fr\\\/#\\\/schema\\\/logo\\\/image\\\/\",\"url\":\"https:\\\/\\\/arc-geo.fr\\\/wp-content\\\/uploads\\\/2020\\\/02\\\/LOGO-ARC-GEO-scaled-e1582740967533.jpg\",\"contentUrl\":\"https:\\\/\\\/arc-geo.fr\\\/wp-content\\\/uploads\\\/2020\\\/02\\\/LOGO-ARC-GEO-scaled-e1582740967533.jpg\",\"width\":750,\"height\":396,\"caption\":\"ArcGeo G\u00e9om\u00e8tres-Experts\"},\"image\":{\"@id\":\"https:\\\/\\\/arc-geo.fr\\\/#\\\/schema\\\/logo\\\/image\\\/\"}}]}<\/script>\n<!-- \/ Yoast SEO plugin. -->","yoast_head_json":{"title":"R\u00e9f\u00e9rences - G\u00e9om\u00e8tres Experts","robots":{"index":"index","follow":"follow","max-snippet":"max-snippet:-1","max-image-preview":"max-image-preview:large","max-video-preview":"max-video-preview:-1"},"canonical":"https:\/\/arc-geo.fr\/?page_id=256","og_locale":"fr_FR","og_type":"article","og_title":"R\u00e9f\u00e9rences - G\u00e9om\u00e8tres Experts","og_description":"R\u00e9f\u00e9rences","og_url":"https:\/\/arc-geo.fr\/?page_id=256","og_site_name":"G\u00e9om\u00e8tres Experts","article_modified_time":"2020-05-25T13:55:40+00:00","twitter_card":"summary_large_image","schema":{"@context":"https:\/\/schema.org","@graph":[{"@type":"WebPage","@id":"https:\/\/arc-geo.fr\/?page_id=256","url":"https:\/\/arc-geo.fr\/?page_id=256","name":"R\u00e9f\u00e9rences - G\u00e9om\u00e8tres Experts","isPartOf":{"@id":"https:\/\/arc-geo.fr\/#website"},"datePublished":"2020-03-23T15:59:57+00:00","dateModified":"2020-05-25T13:55:40+00:00","breadcrumb":{"@id":"https:\/\/arc-geo.fr\/?page_id=256#breadcrumb"},"inLanguage":"fr-FR","potentialAction":[{"@type":"ReadAction","target":["https:\/\/arc-geo.fr\/?page_id=256"]}]},{"@type":"BreadcrumbList","@id":"https:\/\/arc-geo.fr\/?page_id=256#breadcrumb","itemListElement":[{"@type":"ListItem","position":1,"name":"Accueil","item":"https:\/\/arc-geo.fr\/"},{"@type":"ListItem","position":2,"name":"R\u00e9f\u00e9rences"}]},{"@type":"WebSite","@id":"https:\/\/arc-geo.fr\/#website","url":"https:\/\/arc-geo.fr\/","name":"G\u00e9om\u00e8tres Experts","description":"Des professionnels de la mesure \u00e0 votre \u00e9coute sur Genas &amp; la r\u00e9gion Lyonnaise.","publisher":{"@id":"https:\/\/arc-geo.fr\/#organization"},"potentialAction":[{"@type":"SearchAction","target":{"@type":"EntryPoint","urlTemplate":"https:\/\/arc-geo.fr\/?s={search_term_string}"},"query-input":{"@type":"PropertyValueSpecification","valueRequired":true,"valueName":"search_term_string"}}],"inLanguage":"fr-FR"},{"@type":"Organization","@id":"https:\/\/arc-geo.fr\/#organization","name":"ArcGeo G\u00e9om\u00e8tres-Experts","url":"https:\/\/arc-geo.fr\/","logo":{"@type":"ImageObject","inLanguage":"fr-FR","@id":"https:\/\/arc-geo.fr\/#\/schema\/logo\/image\/","url":"https:\/\/arc-geo.fr\/wp-content\/uploads\/2020\/02\/LOGO-ARC-GEO-scaled-e1582740967533.jpg","contentUrl":"https:\/\/arc-geo.fr\/wp-content\/uploads\/2020\/02\/LOGO-ARC-GEO-scaled-e1582740967533.jpg","width":750,"height":396,"caption":"ArcGeo G\u00e9om\u00e8tres-Experts"},"image":{"@id":"https:\/\/arc-geo.fr\/#\/schema\/logo\/image\/"}}]}},"_links":{"self":[{"href":"https:\/\/arc-geo.fr\/index.php?rest_route=\/wp\/v2\/pages\/256","targetHints":{"allow":["GET"]}}],"collection":[{"href":"https:\/\/arc-geo.fr\/index.php?rest_route=\/wp\/v2\/pages"}],"about":[{"href":"https:\/\/arc-geo.fr\/index.php?rest_route=\/wp\/v2\/types\/page"}],"author":[{"embeddable":true,"href":"https:\/\/arc-geo.fr\/index.php?rest_route=\/wp\/v2\/users\/1"}],"replies":[{"embeddable":true,"href":"https:\/\/arc-geo.fr\/index.php?rest_route=%2Fwp%2Fv2%2Fcomments&post=256"}],"version-history":[{"count":16,"href":"https:\/\/arc-geo.fr\/index.php?rest_route=\/wp\/v2\/pages\/256\/revisions"}],"predecessor-version":[{"id":737,"href":"https:\/\/arc-geo.fr\/index.php?rest_route=\/wp\/v2\/pages\/256\/revisions\/737"}],"wp:attachment":[{"href":"https:\/\/arc-geo.fr\/index.php?rest_route=%2Fwp%2Fv2%2Fmedia&parent=256"}],"curies":[{"name":"wp","href":"https:\/\/api.w.org\/{rel}","templated":true}]}}