{"id":22,"date":"2020-02-17T17:35:22","date_gmt":"2020-02-17T16:35:22","guid":{"rendered":"http:\/\/arc-geo.fr\/?page_id=22"},"modified":"2020-05-25T14:55:37","modified_gmt":"2020-05-25T13:55:37","slug":"contact","status":"publish","type":"page","link":"https:\/\/arc-geo.fr\/?page_id=22","title":{"rendered":"Contact"},"content":{"rendered":"\t\t<div data-elementor-type=\"wp-page\" data-elementor-id=\"22\" class=\"elementor elementor-22\">\n\t\t\t\t\t\t<section class=\"elementor-section elementor-top-section elementor-element elementor-element-c1beddb elementor-section-stretched elementor-section-full_width elementor-section-height-default elementor-section-height-default\" data-id=\"c1beddb\" data-element_type=\"section\" data-e-type=\"section\" data-settings=\"{&quot;stretch_section&quot;:&quot;section-stretched&quot;}\">\n\t\t\t\t\t\t<div class=\"elementor-container elementor-column-gap-default\">\n\t\t\t\t\t<div class=\"elementor-column elementor-col-100 elementor-top-column elementor-element elementor-element-00f48ca\" data-id=\"00f48ca\" data-element_type=\"column\" data-e-type=\"column\">\n\t\t\t<div class=\"elementor-widget-wrap elementor-element-populated\">\n\t\t\t\t\t\t<div class=\"elementor-element elementor-element-5f0d552 elementor-widget elementor-widget-heading\" data-id=\"5f0d552\" data-element_type=\"widget\" data-e-type=\"widget\" data-widget_type=\"heading.default\">\n\t\t\t\t<div class=\"elementor-widget-container\">\n\t\t\t\t\t<h2 class=\"elementor-heading-title elementor-size-default\">Contact<br><br>Consultation sur RDV uniquement<\/h2>\t\t\t\t<\/div>\n\t\t\t\t<\/div>\n\t\t\t\t\t<\/div>\n\t\t<\/div>\n\t\t\t\t\t<\/div>\n\t\t<\/section>\n\t\t\t\t<section class=\"elementor-section elementor-top-section elementor-element elementor-element-9c8c97b elementor-section-stretched elementor-section-full_width elementor-section-height-default elementor-section-height-default\" data-id=\"9c8c97b\" data-element_type=\"section\" data-e-type=\"section\" data-settings=\"{&quot;stretch_section&quot;:&quot;section-stretched&quot;}\">\n\t\t\t\t\t\t<div class=\"elementor-container elementor-column-gap-default\">\n\t\t\t\t\t<div class=\"elementor-column elementor-col-50 elementor-top-column elementor-element elementor-element-9994f48\" data-id=\"9994f48\" data-element_type=\"column\" data-e-type=\"column\">\n\t\t\t<div class=\"elementor-widget-wrap elementor-element-populated\">\n\t\t\t\t\t\t<div class=\"elementor-element elementor-element-0a88d66 elementor-invisible elementor-widget elementor-widget-image\" data-id=\"0a88d66\" data-element_type=\"widget\" data-e-type=\"widget\" data-settings=\"{&quot;_animation&quot;:&quot;fadeInLeft&quot;}\" data-widget_type=\"image.default\">\n\t\t\t\t<div class=\"elementor-widget-container\">\n\t\t\t\t\t\t\t\t\t\t\t\t\t\t\t<img fetchpriority=\"high\" decoding=\"async\" width=\"768\" height=\"331\" src=\"https:\/\/arc-geo.fr\/wp-content\/uploads\/2020\/05\/logo-sans-fond-ARCGEO_2-768x331.png\" class=\"attachment-medium_large size-medium_large wp-image-283\" alt=\"\" srcset=\"https:\/\/arc-geo.fr\/wp-content\/uploads\/2020\/05\/logo-sans-fond-ARCGEO_2-768x331.png 768w, https:\/\/arc-geo.fr\/wp-content\/uploads\/2020\/05\/logo-sans-fond-ARCGEO_2-300x129.png 300w, https:\/\/arc-geo.fr\/wp-content\/uploads\/2020\/05\/logo-sans-fond-ARCGEO_2-1024x442.png 1024w, https:\/\/arc-geo.fr\/wp-content\/uploads\/2020\/05\/logo-sans-fond-ARCGEO_2-1536x663.png 1536w, https:\/\/arc-geo.fr\/wp-content\/uploads\/2020\/05\/logo-sans-fond-ARCGEO_2-2048x884.png 2048w\" sizes=\"(max-width: 768px) 100vw, 768px\" \/>\t\t\t\t\t\t\t\t\t\t\t\t\t\t\t<\/div>\n\t\t\t\t<\/div>\n\t\t\t\t\t<\/div>\n\t\t<\/div>\n\t\t\t\t<div class=\"elementor-column elementor-col-50 elementor-top-column elementor-element elementor-element-5e62935\" data-id=\"5e62935\" data-element_type=\"column\" data-e-type=\"column\">\n\t\t\t<div class=\"elementor-widget-wrap elementor-element-populated\">\n\t\t\t\t\t\t<div class=\"elementor-element elementor-element-ebb1bbc elementor-invisible elementor-widget elementor-widget-image\" data-id=\"ebb1bbc\" data-element_type=\"widget\" data-e-type=\"widget\" data-settings=\"{&quot;_animation&quot;:&quot;fadeInRight&quot;}\" data-widget_type=\"image.default\">\n\t\t\t\t<div class=\"elementor-widget-container\">\n\t\t\t\t\t\t\t\t\t\t\t\t\t\t\t\t<a href=\"http:\/\/www.geometre-expert.fr\">\n\t\t\t\t\t\t\t<img decoding=\"async\" width=\"396\" height=\"289\" src=\"https:\/\/arc-geo.fr\/wp-content\/uploads\/2020\/02\/GE-LOGO.jpg\" class=\"attachment-medium_large size-medium_large wp-image-44\" alt=\"\" srcset=\"https:\/\/arc-geo.fr\/wp-content\/uploads\/2020\/02\/GE-LOGO.jpg 396w, https:\/\/arc-geo.fr\/wp-content\/uploads\/2020\/02\/GE-LOGO-300x219.jpg 300w\" sizes=\"(max-width: 396px) 100vw, 396px\" \/>\t\t\t\t\t\t\t\t<\/a>\n\t\t\t\t\t\t\t\t\t\t\t\t\t\t\t<\/div>\n\t\t\t\t<\/div>\n\t\t\t\t\t<\/div>\n\t\t<\/div>\n\t\t\t\t\t<\/div>\n\t\t<\/section>\n\t\t\t\t<section class=\"elementor-section elementor-top-section elementor-element elementor-element-795164f elementor-section-stretched elementor-section-full_width elementor-section-height-default elementor-section-height-default\" data-id=\"795164f\" data-element_type=\"section\" data-e-type=\"section\" data-settings=\"{&quot;stretch_section&quot;:&quot;section-stretched&quot;}\">\n\t\t\t\t\t\t<div class=\"elementor-container elementor-column-gap-default\">\n\t\t\t\t\t<div class=\"elementor-column elementor-col-100 elementor-top-column elementor-element elementor-element-595cf24\" data-id=\"595cf24\" data-element_type=\"column\" data-e-type=\"column\">\n\t\t\t<div class=\"elementor-widget-wrap elementor-element-populated\">\n\t\t\t\t\t\t<div class=\"elementor-element elementor-element-5e6c117 elementor-widget elementor-widget-google_maps\" data-id=\"5e6c117\" data-element_type=\"widget\" data-e-type=\"widget\" data-widget_type=\"google_maps.default\">\n\t\t\t\t<div class=\"elementor-widget-container\">\n\t\t\t\t\t\t\t<div class=\"elementor-custom-embed\">\n\t\t\t<iframe loading=\"lazy\"\n\t\t\t\t\tsrc=\"https:\/\/maps.google.com\/maps?q=ARC%20GEO&#038;t=m&#038;z=12&#038;output=embed&#038;iwloc=near\"\n\t\t\t\t\ttitle=\"ARC GEO\"\n\t\t\t\t\taria-label=\"ARC GEO\"\n\t\t\t><\/iframe>\n\t\t<\/div>\n\t\t\t\t\t\t<\/div>\n\t\t\t\t<\/div>\n\t\t\t\t\t<\/div>\n\t\t<\/div>\n\t\t\t\t\t<\/div>\n\t\t<\/section>\n\t\t\t\t<section class=\"elementor-section elementor-top-section elementor-element elementor-element-e3302d0 elementor-section-boxed elementor-section-height-default elementor-section-height-default\" data-id=\"e3302d0\" data-element_type=\"section\" data-e-type=\"section\">\n\t\t\t\t\t\t<div class=\"elementor-container elementor-column-gap-default\">\n\t\t\t\t\t<div class=\"elementor-column elementor-col-100 elementor-top-column elementor-element elementor-element-97da087\" data-id=\"97da087\" data-element_type=\"column\" data-e-type=\"column\">\n\t\t\t<div class=\"elementor-widget-wrap elementor-element-populated\">\n\t\t\t\t\t\t<div class=\"elementor-element elementor-element-35eb198 elementor-button-align-center elementor-widget elementor-widget-form\" data-id=\"35eb198\" data-element_type=\"widget\" data-e-type=\"widget\" data-settings=\"{&quot;button_width&quot;:&quot;100&quot;,&quot;step_next_label&quot;:&quot;Suivant&quot;,&quot;step_previous_label&quot;:&quot;Pr\\u00e9c\\u00e9dent&quot;,&quot;step_type&quot;:&quot;number_text&quot;,&quot;step_icon_shape&quot;:&quot;circle&quot;}\" data-widget_type=\"form.default\">\n\t\t\t\t<div class=\"elementor-widget-container\">\n\t\t\t\t\t\t\t<form class=\"elementor-form\" method=\"post\" name=\"Nouveau formulaire\">\n\t\t\t<input type=\"hidden\" name=\"post_id\" value=\"22\"\/>\n\t\t\t<input type=\"hidden\" name=\"form_id\" value=\"35eb198\"\/>\n\n\t\t\t\n\t\t\t<div class=\"elementor-form-fields-wrapper elementor-labels-above\">\n\t\t\t\t\t\t\t\t<div class=\"elementor-field-type-text elementor-field-group elementor-column elementor-field-group-name elementor-col-100 elementor-field-required elementor-mark-required\">\n\t\t\t\t\t<label for=\"form-field-name\" class=\"elementor-field-label\">Nom<\/label><input size=\"1\" type=\"text\" name=\"form_fields[name]\" id=\"form-field-name\" class=\"elementor-field elementor-size-sm  elementor-field-textual\" required=\"required\" aria-required=\"true\">\t\t\t\t<\/div>\n\t\t\t\t\t\t\t\t<div class=\"elementor-field-type-tel elementor-field-group elementor-column elementor-field-group-field_3c012d2 elementor-col-100 elementor-field-required elementor-mark-required\">\n\t\t\t\t\t<label for=\"form-field-field_3c012d2\" class=\"elementor-field-label\">T\u00e9l\u00e9phone<\/label><input size=\"1\" type=\"tel\" name=\"form_fields[field_3c012d2]\" id=\"form-field-field_3c012d2\" class=\"elementor-field elementor-size-sm  elementor-field-textual\" required=\"required\" aria-required=\"true\" pattern=\"[0-9()#&amp;+*-=.]+\" title=\"Seuls les caract\u00e8res de num\u00e9ros de t\u00e9l\u00e9phone (#, -, *, etc.) sont accept\u00e9s.\">\t\t\t\t<\/div>\n\t\t\t\t\t\t\t\t<div class=\"elementor-field-type-email elementor-field-group elementor-column elementor-field-group-email elementor-col-100 elementor-field-required elementor-mark-required\">\n\t\t\t\t\t<label for=\"form-field-email\" class=\"elementor-field-label\">E-mail<\/label><input size=\"1\" type=\"email\" name=\"form_fields[email]\" id=\"form-field-email\" class=\"elementor-field elementor-size-sm  elementor-field-textual\" required=\"required\" aria-required=\"true\">\t\t\t\t<\/div>\n\t\t\t\t\t\t\t\t<div class=\"elementor-field-type-textarea elementor-field-group elementor-column elementor-field-group-message elementor-col-100 elementor-field-required elementor-mark-required\">\n\t\t\t\t\t<label for=\"form-field-message\" class=\"elementor-field-label\">Message<\/label><textarea class=\"elementor-field-textual elementor-field  elementor-size-sm\" name=\"form_fields[message]\" id=\"form-field-message\" rows=\"4\" required=\"required\" aria-required=\"true\"><\/textarea>\t\t\t\t<\/div>\n\t\t\t\t\t\t\t\t<div class=\"elementor-field-group elementor-column elementor-field-type-submit elementor-col-100 e-form__buttons\">\n\t\t\t\t\t<button type=\"submit\" class=\"elementor-button elementor-size-sm\">\n\t\t\t\t\t\t<span >\n\t\t\t\t\t\t\t\t\t\t\t\t\t\t\t<span class=\"elementor-align-icon-left elementor-button-icon\">\n\t\t\t\t\t\t\t\t\t<i aria-hidden=\"true\" class=\"far fa-hand-point-right\"><\/i>\t\t\t\t\t\t\t\t\t\t\t\t\t\t\t\t\t<\/span>\n\t\t\t\t\t\t\t\t\t\t\t\t\t\t\t\t\t\t\t\t\t\t<span class=\"elementor-button-text\">Envoyer<\/span>\n\t\t\t\t\t\t\t\t\t\t\t\t\t<\/span>\n\t\t\t\t\t<\/button>\n\t\t\t\t<\/div>\n\t\t\t<\/div>\n\t\t<\/form>\n\t\t\t\t\t\t<\/div>\n\t\t\t\t<\/div>\n\t\t\t\t\t<\/div>\n\t\t<\/div>\n\t\t\t\t\t<\/div>\n\t\t<\/section>\n\t\t\t\t<\/div>\n\t\t","protected":false},"excerpt":{"rendered":"<p>Contact Consultation sur RDV uniquement<\/p>\n","protected":false},"author":1,"featured_media":0,"parent":0,"menu_order":0,"comment_status":"closed","ping_status":"closed","template":"elementor_header_footer","meta":{"footnotes":""},"class_list":["post-22","page","type-page","status-publish","hentry"],"yoast_head":"<!-- This site is optimized with the Yoast SEO plugin v27.3 - https:\/\/yoast.com\/product\/yoast-seo-wordpress\/ -->\n<title>Contact - G\u00e9om\u00e8tres Experts<\/title>\n<meta name=\"robots\" content=\"index, follow, max-snippet:-1, max-image-preview:large, max-video-preview:-1\" \/>\n<link rel=\"canonical\" href=\"https:\/\/arc-geo.fr\/?page_id=22\" \/>\n<meta property=\"og:locale\" content=\"fr_FR\" \/>\n<meta property=\"og:type\" content=\"article\" \/>\n<meta property=\"og:title\" content=\"Contact - G\u00e9om\u00e8tres Experts\" \/>\n<meta property=\"og:description\" content=\"Contact Consultation sur RDV uniquement\" \/>\n<meta property=\"og:url\" content=\"https:\/\/arc-geo.fr\/?page_id=22\" \/>\n<meta property=\"og:site_name\" content=\"G\u00e9om\u00e8tres Experts\" \/>\n<meta property=\"article:modified_time\" content=\"2020-05-25T13:55:37+00:00\" \/>\n<meta property=\"og:image\" content=\"https:\/\/arc-geo.fr\/wp-content\/uploads\/2020\/05\/logo-sans-fond-ARCGEO_2-768x331.png\" \/>\n<meta name=\"twitter:card\" content=\"summary_large_image\" \/>\n<script type=\"application\/ld+json\" class=\"yoast-schema-graph\">{\"@context\":\"https:\\\/\\\/schema.org\",\"@graph\":[{\"@type\":\"WebPage\",\"@id\":\"https:\\\/\\\/arc-geo.fr\\\/?page_id=22\",\"url\":\"https:\\\/\\\/arc-geo.fr\\\/?page_id=22\",\"name\":\"Contact - G\u00e9om\u00e8tres Experts\",\"isPartOf\":{\"@id\":\"https:\\\/\\\/arc-geo.fr\\\/#website\"},\"primaryImageOfPage\":{\"@id\":\"https:\\\/\\\/arc-geo.fr\\\/?page_id=22#primaryimage\"},\"image\":{\"@id\":\"https:\\\/\\\/arc-geo.fr\\\/?page_id=22#primaryimage\"},\"thumbnailUrl\":\"https:\\\/\\\/arc-geo.fr\\\/wp-content\\\/uploads\\\/2020\\\/05\\\/logo-sans-fond-ARCGEO_2-768x331.png\",\"datePublished\":\"2020-02-17T16:35:22+00:00\",\"dateModified\":\"2020-05-25T13:55:37+00:00\",\"breadcrumb\":{\"@id\":\"https:\\\/\\\/arc-geo.fr\\\/?page_id=22#breadcrumb\"},\"inLanguage\":\"fr-FR\",\"potentialAction\":[{\"@type\":\"ReadAction\",\"target\":[\"https:\\\/\\\/arc-geo.fr\\\/?page_id=22\"]}]},{\"@type\":\"ImageObject\",\"inLanguage\":\"fr-FR\",\"@id\":\"https:\\\/\\\/arc-geo.fr\\\/?page_id=22#primaryimage\",\"url\":\"https:\\\/\\\/arc-geo.fr\\\/wp-content\\\/uploads\\\/2020\\\/05\\\/logo-sans-fond-ARCGEO_2.png\",\"contentUrl\":\"https:\\\/\\\/arc-geo.fr\\\/wp-content\\\/uploads\\\/2020\\\/05\\\/logo-sans-fond-ARCGEO_2.png\",\"width\":3188,\"height\":1376},{\"@type\":\"BreadcrumbList\",\"@id\":\"https:\\\/\\\/arc-geo.fr\\\/?page_id=22#breadcrumb\",\"itemListElement\":[{\"@type\":\"ListItem\",\"position\":1,\"name\":\"Accueil\",\"item\":\"https:\\\/\\\/arc-geo.fr\\\/\"},{\"@type\":\"ListItem\",\"position\":2,\"name\":\"Contact\"}]},{\"@type\":\"WebSite\",\"@id\":\"https:\\\/\\\/arc-geo.fr\\\/#website\",\"url\":\"https:\\\/\\\/arc-geo.fr\\\/\",\"name\":\"G\u00e9om\u00e8tres Experts\",\"description\":\"Des professionnels de la mesure \u00e0 votre \u00e9coute sur Genas &amp; la r\u00e9gion Lyonnaise.\",\"publisher\":{\"@id\":\"https:\\\/\\\/arc-geo.fr\\\/#organization\"},\"potentialAction\":[{\"@type\":\"SearchAction\",\"target\":{\"@type\":\"EntryPoint\",\"urlTemplate\":\"https:\\\/\\\/arc-geo.fr\\\/?s={search_term_string}\"},\"query-input\":{\"@type\":\"PropertyValueSpecification\",\"valueRequired\":true,\"valueName\":\"search_term_string\"}}],\"inLanguage\":\"fr-FR\"},{\"@type\":\"Organization\",\"@id\":\"https:\\\/\\\/arc-geo.fr\\\/#organization\",\"name\":\"ArcGeo G\u00e9om\u00e8tres-Experts\",\"url\":\"https:\\\/\\\/arc-geo.fr\\\/\",\"logo\":{\"@type\":\"ImageObject\",\"inLanguage\":\"fr-FR\",\"@id\":\"https:\\\/\\\/arc-geo.fr\\\/#\\\/schema\\\/logo\\\/image\\\/\",\"url\":\"https:\\\/\\\/arc-geo.fr\\\/wp-content\\\/uploads\\\/2020\\\/02\\\/LOGO-ARC-GEO-scaled-e1582740967533.jpg\",\"contentUrl\":\"https:\\\/\\\/arc-geo.fr\\\/wp-content\\\/uploads\\\/2020\\\/02\\\/LOGO-ARC-GEO-scaled-e1582740967533.jpg\",\"width\":750,\"height\":396,\"caption\":\"ArcGeo G\u00e9om\u00e8tres-Experts\"},\"image\":{\"@id\":\"https:\\\/\\\/arc-geo.fr\\\/#\\\/schema\\\/logo\\\/image\\\/\"}}]}<\/script>\n<!-- \/ Yoast SEO plugin. -->","yoast_head_json":{"title":"Contact - G\u00e9om\u00e8tres Experts","robots":{"index":"index","follow":"follow","max-snippet":"max-snippet:-1","max-image-preview":"max-image-preview:large","max-video-preview":"max-video-preview:-1"},"canonical":"https:\/\/arc-geo.fr\/?page_id=22","og_locale":"fr_FR","og_type":"article","og_title":"Contact - G\u00e9om\u00e8tres Experts","og_description":"Contact Consultation sur RDV uniquement","og_url":"https:\/\/arc-geo.fr\/?page_id=22","og_site_name":"G\u00e9om\u00e8tres Experts","article_modified_time":"2020-05-25T13:55:37+00:00","og_image":[{"url":"https:\/\/arc-geo.fr\/wp-content\/uploads\/2020\/05\/logo-sans-fond-ARCGEO_2-768x331.png","type":"","width":"","height":""}],"twitter_card":"summary_large_image","schema":{"@context":"https:\/\/schema.org","@graph":[{"@type":"WebPage","@id":"https:\/\/arc-geo.fr\/?page_id=22","url":"https:\/\/arc-geo.fr\/?page_id=22","name":"Contact - G\u00e9om\u00e8tres Experts","isPartOf":{"@id":"https:\/\/arc-geo.fr\/#website"},"primaryImageOfPage":{"@id":"https:\/\/arc-geo.fr\/?page_id=22#primaryimage"},"image":{"@id":"https:\/\/arc-geo.fr\/?page_id=22#primaryimage"},"thumbnailUrl":"https:\/\/arc-geo.fr\/wp-content\/uploads\/2020\/05\/logo-sans-fond-ARCGEO_2-768x331.png","datePublished":"2020-02-17T16:35:22+00:00","dateModified":"2020-05-25T13:55:37+00:00","breadcrumb":{"@id":"https:\/\/arc-geo.fr\/?page_id=22#breadcrumb"},"inLanguage":"fr-FR","potentialAction":[{"@type":"ReadAction","target":["https:\/\/arc-geo.fr\/?page_id=22"]}]},{"@type":"ImageObject","inLanguage":"fr-FR","@id":"https:\/\/arc-geo.fr\/?page_id=22#primaryimage","url":"https:\/\/arc-geo.fr\/wp-content\/uploads\/2020\/05\/logo-sans-fond-ARCGEO_2.png","contentUrl":"https:\/\/arc-geo.fr\/wp-content\/uploads\/2020\/05\/logo-sans-fond-ARCGEO_2.png","width":3188,"height":1376},{"@type":"BreadcrumbList","@id":"https:\/\/arc-geo.fr\/?page_id=22#breadcrumb","itemListElement":[{"@type":"ListItem","position":1,"name":"Accueil","item":"https:\/\/arc-geo.fr\/"},{"@type":"ListItem","position":2,"name":"Contact"}]},{"@type":"WebSite","@id":"https:\/\/arc-geo.fr\/#website","url":"https:\/\/arc-geo.fr\/","name":"G\u00e9om\u00e8tres Experts","description":"Des professionnels de la mesure \u00e0 votre \u00e9coute sur Genas &amp; la r\u00e9gion Lyonnaise.","publisher":{"@id":"https:\/\/arc-geo.fr\/#organization"},"potentialAction":[{"@type":"SearchAction","target":{"@type":"EntryPoint","urlTemplate":"https:\/\/arc-geo.fr\/?s={search_term_string}"},"query-input":{"@type":"PropertyValueSpecification","valueRequired":true,"valueName":"search_term_string"}}],"inLanguage":"fr-FR"},{"@type":"Organization","@id":"https:\/\/arc-geo.fr\/#organization","name":"ArcGeo G\u00e9om\u00e8tres-Experts","url":"https:\/\/arc-geo.fr\/","logo":{"@type":"ImageObject","inLanguage":"fr-FR","@id":"https:\/\/arc-geo.fr\/#\/schema\/logo\/image\/","url":"https:\/\/arc-geo.fr\/wp-content\/uploads\/2020\/02\/LOGO-ARC-GEO-scaled-e1582740967533.jpg","contentUrl":"https:\/\/arc-geo.fr\/wp-content\/uploads\/2020\/02\/LOGO-ARC-GEO-scaled-e1582740967533.jpg","width":750,"height":396,"caption":"ArcGeo G\u00e9om\u00e8tres-Experts"},"image":{"@id":"https:\/\/arc-geo.fr\/#\/schema\/logo\/image\/"}}]}},"_links":{"self":[{"href":"https:\/\/arc-geo.fr\/index.php?rest_route=\/wp\/v2\/pages\/22","targetHints":{"allow":["GET"]}}],"collection":[{"href":"https:\/\/arc-geo.fr\/index.php?rest_route=\/wp\/v2\/pages"}],"about":[{"href":"https:\/\/arc-geo.fr\/index.php?rest_route=\/wp\/v2\/types\/page"}],"author":[{"embeddable":true,"href":"https:\/\/arc-geo.fr\/index.php?rest_route=\/wp\/v2\/users\/1"}],"replies":[{"embeddable":true,"href":"https:\/\/arc-geo.fr\/index.php?rest_route=%2Fwp%2Fv2%2Fcomments&post=22"}],"version-history":[{"count":31,"href":"https:\/\/arc-geo.fr\/index.php?rest_route=\/wp\/v2\/pages\/22\/revisions"}],"predecessor-version":[{"id":626,"href":"https:\/\/arc-geo.fr\/index.php?rest_route=\/wp\/v2\/pages\/22\/revisions\/626"}],"wp:attachment":[{"href":"https:\/\/arc-geo.fr\/index.php?rest_route=%2Fwp%2Fv2%2Fmedia&parent=22"}],"curies":[{"name":"wp","href":"https:\/\/api.w.org\/{rel}","templated":true}]}}